{"id":827,"date":"2024-04-24T12:53:25","date_gmt":"2024-04-24T12:53:25","guid":{"rendered":"https:\/\/www.mcv2024.com\/?page_id=827"},"modified":"2025-06-06T14:09:01","modified_gmt":"2025-06-06T14:09:01","slug":"comite-scientifique","status":"publish","type":"page","link":"https:\/\/www.mcv2025.com\/en\/comite-scientifique\/","title":{"rendered":"Scientific committee"},"content":{"rendered":"<section id=\"wp-block-themeisle-blocks-advanced-columns-2a989ee6\" class=\"wp-block-themeisle-blocks-advanced-columns alignfull has-1-columns has-desktop-equal-layout has-tablet-equal-layout has-mobile-equal-layout has-vertical-center\"><div class=\"wp-block-themeisle-blocks-advanced-columns-overlay\"><\/div><div class=\"innerblocks-wrap\">\n<div id=\"wp-block-themeisle-blocks-advanced-column-2f24f5c3\" class=\"wp-block-themeisle-blocks-advanced-column\">\n<h1 id=\"wp-block-themeisle-blocks-advanced-heading-5d9b910a\" class=\"wp-block-themeisle-blocks-advanced-heading wp-block-themeisle-blocks-advanced-heading-5d9b910a\">Scientific committee<\/h1>\n<\/div>\n<\/div><\/section>\n\n\n\n<section id=\"wp-block-themeisle-blocks-advanced-columns-dab9e0bf\" class=\"wp-block-themeisle-blocks-advanced-columns alignfull has-1-columns has-desktop-equal-layout has-tablet-equal-layout has-mobile-equal-layout has-vertical-center has-light-bg\"><div class=\"wp-block-themeisle-blocks-advanced-columns-overlay\"><\/div><div class=\"innerblocks-wrap\">\n<div id=\"wp-block-themeisle-blocks-advanced-column-9df22226\" class=\"wp-block-themeisle-blocks-advanced-column\">\n<section id=\"wp-block-themeisle-blocks-advanced-columns-25c95699\" class=\"wp-block-themeisle-blocks-advanced-columns has-1-columns has-desktop-equal-layout has-tablet-equal-layout has-mobile-equal-layout has-vertical-flex-start\"><div class=\"wp-block-themeisle-blocks-advanced-columns-overlay\"><\/div><div class=\"innerblocks-wrap\">\n<div id=\"wp-block-themeisle-blocks-advanced-column-d4d9a4f8\" class=\"wp-block-themeisle-blocks-advanced-column\">\n<h2 class=\"wp-block-heading has-text-align-left has-nv-dark-bg-color has-text-color has-link-color wp-elements-745bf3f951885e57344f3467eaca5755\">Members<\/h2>\n\n\n\n<div style=\"height:30px\" aria-hidden=\"true\" class=\"wp-block-spacer\"><\/div>\n\n\n\n<ul class=\"wp-block-list\">\n<li><strong><a href=\"https:\/\/www.linkedin.com\/in\/alexandra-pacheco1\/\">Alexandra Pacheco<\/a> <\/strong>: Chef de Projet Ecoconception \u00e0 Safran Electronics &amp; Defense<\/li>\n\n\n\n<li><strong><a href=\"https:\/\/www.linkedin.com\/in\/ang%C3%A9lique-l%C3%A9onard-77b23934\/\">Ang\u00e9lique L\u00e9onard<\/a><\/strong> : Professeure \u00e0 l&rsquo;Universit\u00e9 de Li\u00e8ge<\/li>\n\n\n\n<li><strong><a href=\"https:\/\/www.linkedin.com\/in\/anne-claire-asselin\/\" target=\"_blank\" rel=\"noreferrer noopener\">Anne-Claire Asselin<\/a> <\/strong>: Pr\u00e9sidente de Sayari<\/li>\n\n\n\n<li><strong><a href=\"https:\/\/www.linkedin.com\/in\/aurore-wurtz-895a72165\/\">Aurore Wurtz<\/a><\/strong> : Post-doctorante \u00e0 l&rsquo;Ecole Nationale des Ponts et Chauss\u00e9es<\/li>\n\n\n\n<li><a href=\"https:\/\/www.linkedin.com\/in\/alexandre-charpentier-poncelet-4186b8130\/\"><strong>Alexandre Charpentier-Poncelet<\/strong><\/a> : Pr\u00e9sident de Mocaja<\/li>\n\n\n\n<li><a href=\"https:\/\/www.linkedin.com\/in\/arnaud-h%C3%A9lias-b517aa21?miniProfileUrn=urn%3Ali%3Afs_miniProfile%3AACoAAASRF-0Bt1cjbSQTps-DNVH3fUVKJWm86WU&amp;lipi=urn%3Ali%3Apage%3Ad_flagship3_search_srp_all%3Bm1B%2B58bvTfOj4uARRHq%2FaA%3D%3D\"><strong>Arnaud H\u00e9lias<\/strong><\/a> : Directeur d&rsquo;unit\u00e9 ITAP \u00e0 INRAE-Institut Agro<\/li>\n\n\n\n<li><strong><a href=\"https:\/\/www.linkedin.com\/in\/adrien-b-a58308129\/\">Adrien Bily<\/a><\/strong> : Ing\u00e9nieur \u00e9valuation environnementale \u00e0 l&rsquo;ADEME<\/li>\n\n\n\n<li><strong><a href=\"https:\/\/www.linkedin.com\/in\/benjamine-belloncle-615a72123\/\">Benjamine Belloncle<\/a><\/strong> : Cheffe de projet de Materia Nova<\/li>\n\n\n\n<li><strong><a href=\"https:\/\/www.linkedin.com\/in\/c%C3%A9cile-beaudard-31a63655\/\">C\u00e9cile Beaudard<\/a><\/strong> : Responsable des op\u00e9rations chez Solinnen<\/li>\n\n\n\n<li><strong><a href=\"https:\/\/www.linkedin.com\/in\/cl%C3%A9mence-siret-83281916\/\">Cl\u00e9mence Siret<\/a><\/strong> : Responsable \u00e9co-conception chez SAFT<\/li>\n\n\n\n<li><strong><a href=\"https:\/\/www.linkedin.com\/in\/christian-traisnel-67043218\/\">Christian Traisnel<\/a><\/strong> : Pr\u00e9sident de LCM2LOOP<\/li>\n\n\n\n<li><strong><a href=\"https:\/\/www.linkedin.com\/in\/didier-beloin-saint-pierre-20483813\/?originalSubdomain=ch\">Didier Beloin-Saint-Pierre<\/a><\/strong> : Scientifique chez EMPA<\/li>\n\n\n\n<li><strong><a href=\"https:\/\/www.linkedin.com\/in\/denis-le-boulch-563097a5\/\">Denis Le-Boulch<\/a><\/strong> : Ing\u00e9nieur chercheur chez EDF R&amp;D<\/li>\n\n\n\n<li><strong><a href=\"https:\/\/www.linkedin.com\/in\/gszablewski\/\">Guillaume Szablewski<\/a><\/strong> : CEO de Ailoop<\/li>\n\n\n\n<li><strong><a href=\"https:\/\/www.linkedin.com\/in\/guido-sonnemann-71249284\/\">Guido Sonnemann<\/a><\/strong> : Professeur \u00e0 l&rsquo;Universit\u00e9 de Bordeaux<\/li>\n\n\n\n<li><strong><a href=\"https:\/\/www.linkedin.com\/in\/j%C3%A9r%C3%A9my-bonvoisin-131b16175\/\">J\u00e9r\u00e9my Bonvoisin<\/a><\/strong> : Senior Sustainability Consultant chez Sphera<\/li>\n\n\n\n<li><strong><a href=\"https:\/\/www.linkedin.com\/in\/mathilde-marchand-lasserre-b7032741\/\">Mathilde Marchand-Lasserre<\/a><\/strong> : Ing\u00e9nieure de recherche \u00e0 MINES ParisTech<\/li>\n\n\n\n<li><strong><a href=\"https:\/\/www.linkedin.com\/in\/maxime-trocm%C3%A9-84335733\/\">Maxime Trocm\u00e9<\/a><\/strong> : Directeur d\u00e9ploiement R&amp;D chez Vinci<\/li>\n\n\n\n<li><strong><a href=\"https:\/\/www.linkedin.com\/in\/m%C3%A9lanie-guiton-a2a184b2\/\">M\u00e9lanie Guiton<\/a><\/strong> :  Cheffe de projet chez Sami<\/li>\n\n\n\n<li><strong><a href=\"https:\/\/www.linkedin.com\/in\/marion-devienne-076b88105?miniProfileUrn=urn%3Ali%3Afs_miniProfile%3AACoAABqxUloBCM5bp9dBoq8El7BCviZW8sGOomw&amp;lipi=urn%3Ali%3Apage%3Ad_flagship3_search_srp_all%3BjKyubOaGRKuz10EKNew8jg%3D%3D\">Marion Devienne <\/a><\/strong>: Directrice de SCORE LCA<\/li>\n\n\n\n<li><strong><a href=\"https:\/\/www.linkedin.com\/in\/monika-mousavi-74189857\/\">Monika Mousavi<\/a><\/strong> : Consultante empreinte sociale des produits chez EVEA<\/li>\n\n\n\n<li><strong><a href=\"https:\/\/www.linkedin.com\/in\/myriam-saad%C3%A9-33b2365\/\">Myriam Saad\u00e9<\/a><\/strong> : Directrice de l&rsquo;UAR UTOPII au CNRS<\/li>\n\n\n\n<li><strong><a href=\"http:\/\/linkedin.com\/in\/naeem-adibi\/\">Naeem Adibi<\/a> <\/strong>: CEO de WeLOOP<\/li>\n\n\n\n<li><strong><a href=\"https:\/\/www.linkedin.com\/in\/nicolas-perry-a222268\/\">Nicolas Perry<\/a><\/strong> :  Professeur \u00e0 ENSAM Bx<\/li>\n\n\n\n<li><strong><a href=\"https:\/\/www.linkedin.com\/in\/nicolas-rogy-041095136\/\">Nicolas Rogy<\/a><\/strong> : Ing\u00e9nieur chercheur en ACV \u00e0 IFP Energies nouvelles<\/li>\n\n\n\n<li><strong><a href=\"https:\/\/www.linkedin.com\/in\/nicolasyoussef?miniProfileUrn=urn%3Ali%3Afs_miniProfile%3AACoAAB6P1bMBxMS6DOZmV_tm4jUfBGgSUK4bf0A&amp;lipi=urn%3Ali%3Apage%3Ad_flagship3_search_srp_all%3Bz6gdE06RQhuYFeyOm6b%2FWA%3D%3D\">Nicolas Youssef<\/a><\/strong> : Professeuf chez JUNIA HEI<\/li>\n\n\n\n<li><strong><a href=\"https:\/\/www.linkedin.com\/in\/olivier-schoefs-0671a3193\/\">Olivier Schoefs<\/a><\/strong> : Professeur \u00e0 l&rsquo;Universit\u00e9 de technologie de Compi\u00e8ne (UTC)<\/li>\n\n\n\n<li><strong><a href=\"https:\/\/www.linkedin.com\/in\/philippe-loubet-11394330\/\">Philippe Loubet<\/a><\/strong> : Ma\u00eetre de conf\u00e9rences chez CyVi-ISM<\/li>\n\n\n\n<li><strong><a href=\"https:\/\/www.linkedin.com\/in\/philippeosset\/\">Philippe Osset<\/a><\/strong> : Membre du Directoire Scientifique<\/li>\n\n\n\n<li><strong><a href=\"https:\/\/www.linkedin.com\/in\/stephanie-desrousseaux-05734612\/\">St\u00e9phanie Desrousseaux<\/a><\/strong> : Senior Research Scientist au CEA LITEN<\/li>\n\n\n\n<li><strong><a href=\"https:\/\/www.linkedin.com\/in\/stephane-morel-0409a8\/\">St\u00e9phane Morel<\/a> <\/strong>: Professeur \u00e0 ESCP Business School<\/li>\n\n\n\n<li><strong><a href=\"https:\/\/www.linkedin.com\/in\/st%C3%A9phane-tr%C3%A9bucq-49680840\/\">St\u00e9phane Tr\u00e9bucq<\/a><\/strong> : Professeur \u00e0 l&rsquo;Universit\u00e9 de Bordeaux<\/li>\n\n\n\n<li><strong><a href=\"https:\/\/www.linkedin.com\/in\/sylvain-codron-60471942?miniProfileUrn=urn%3Ali%3Afs_miniProfile%3AACoAAAkBRSQBmIIZQF_jp0Y6xs52XVv_alTwVP0&amp;lipi=urn%3Ali%3Apage%3Ad_flagship3_search_srp_all%3BIdtmIpIvRr2CfKBIXooamg%3D%3D\">Sylvain Codron<\/a><\/strong> : Coordonnateur Environnement chez EQIOM A CRH Company<\/li>\n\n\n\n<li><strong><a href=\"https:\/\/www.linkedin.com\/in\/tristan-debonnet-7a39ba109\/\">Tristan Debonnet<\/a><\/strong> : Ing\u00e9nieur ACV et \u00e9coconception au CNES<\/li>\n\n\n\n<li><strong><a href=\"https:\/\/www.linkedin.com\/in\/virginie-rouquet\/\">Virginie Rouquet<\/a><\/strong> : Ing\u00e9nieure m\u00e9thodologue \u00e9coconception chez Safran Aircraft Engines<\/li>\n\n\n\n<li><strong><a href=\"https:\/\/www.linkedin.com\/in\/xavier-ronot-739b3b15\/\">Xavier Ronot<\/a><\/strong> : Directeur g\u00e9n\u00e9ral adjoint chez Aupal<\/li>\n\n\n\n<li><strong><a href=\"https:\/\/www.linkedin.com\/in\/yoann-lechat\/\">Yoann Lechat<\/a><\/strong> :  Environment &amp; Strategy Manager chez I Care<\/li>\n<\/ul>\n<\/div>\n<\/div><\/section>\n<\/div>\n<\/div><\/section>\n\n\n\n<div style=\"height:100px\" aria-hidden=\"true\" class=\"wp-block-spacer\"><\/div>","protected":false},"excerpt":{"rendered":"","protected":false},"author":2,"featured_media":0,"parent":0,"menu_order":0,"comment_status":"closed","ping_status":"closed","template":"page-templates\/template-pagebuilder-full-width.php","meta":{"_uag_custom_page_level_css":"","neve_meta_sidebar":"full-width","neve_meta_container":"","neve_meta_enable_content_width":"on","neve_meta_content_width":100,"neve_meta_title_alignment":"","neve_meta_author_avatar":"","neve_post_elements_order":"","neve_meta_disable_header":"","neve_meta_disable_footer":"","neve_meta_disable_title":"","neve_meta_reading_time":"","_themeisle_gutenberg_block_has_review":false,"_ti_tpc_template_sync":false,"_ti_tpc_template_id":"gvlzwact9zpriyva7b3o","footnotes":""},"class_list":["post-827","page","type-page","status-publish","hentry"],"yoast_head":"<!-- This site is optimized with the Yoast SEO plugin v27.2 - https:\/\/yoast.com\/product\/yoast-seo-wordpress\/ -->\n<title>Comit\u00e9 scientifique - MCV 2025<\/title>\n<meta name=\"robots\" content=\"index, follow, max-snippet:-1, max-image-preview:large, max-video-preview:-1\" \/>\n<link rel=\"canonical\" href=\"https:\/\/www.mcv2025.com\/en\/comite-scientifique\/\" \/>\n<meta property=\"og:locale\" content=\"en_US\" \/>\n<meta property=\"og:type\" content=\"article\" \/>\n<meta property=\"og:title\" content=\"Comit\u00e9 scientifique - MCV 2025\" \/>\n<meta property=\"og:url\" content=\"https:\/\/www.mcv2025.com\/en\/comite-scientifique\/\" \/>\n<meta property=\"og:site_name\" content=\"MCV 2025\" \/>\n<meta property=\"article:modified_time\" content=\"2025-06-06T14:09:01+00:00\" \/>\n<meta property=\"og:image\" content=\"https:\/\/www.mcv2025.com\/wp-content\/uploads\/2024\/12\/MCV-2024-logo.png\" \/>\n\t<meta property=\"og:image:width\" content=\"2526\" \/>\n\t<meta property=\"og:image:height\" content=\"1785\" \/>\n\t<meta property=\"og:image:type\" content=\"image\/png\" \/>\n<meta name=\"twitter:card\" content=\"summary_large_image\" \/>\n<script type=\"application\/ld+json\" class=\"yoast-schema-graph\">{\"@context\":\"https:\/\/schema.org\",\"@graph\":[{\"@type\":\"WebPage\",\"@id\":\"https:\/\/www.mcv2025.com\/comite-scientifique\/\",\"url\":\"https:\/\/www.mcv2025.com\/comite-scientifique\/\",\"name\":\"Comit\u00e9 scientifique - MCV 2025\",\"isPartOf\":{\"@id\":\"https:\/\/www.mcv2025.com\/#website\"},\"datePublished\":\"2024-04-24T12:53:25+00:00\",\"dateModified\":\"2025-06-06T14:09:01+00:00\",\"breadcrumb\":{\"@id\":\"https:\/\/www.mcv2025.com\/comite-scientifique\/#breadcrumb\"},\"inLanguage\":\"en-US\",\"potentialAction\":[{\"@type\":\"ReadAction\",\"target\":[\"https:\/\/www.mcv2025.com\/comite-scientifique\/\"]}]},{\"@type\":\"BreadcrumbList\",\"@id\":\"https:\/\/www.mcv2025.com\/comite-scientifique\/#breadcrumb\",\"itemListElement\":[{\"@type\":\"ListItem\",\"position\":1,\"name\":\"Accueil\",\"item\":\"https:\/\/www.mcv2025.com\/\"},{\"@type\":\"ListItem\",\"position\":2,\"name\":\"Comit\u00e9 scientifique\"}]},{\"@type\":\"WebSite\",\"@id\":\"https:\/\/www.mcv2025.com\/#website\",\"url\":\"https:\/\/www.mcv2025.com\/\",\"name\":\"MCV 2025\",\"description\":\"Conf\u00e9rence MCV 2025 - Management du Cycle de Vie\",\"publisher\":{\"@id\":\"https:\/\/www.mcv2025.com\/#organization\"},\"alternateName\":\"MCV 2025\",\"potentialAction\":[{\"@type\":\"SearchAction\",\"target\":{\"@type\":\"EntryPoint\",\"urlTemplate\":\"https:\/\/www.mcv2025.com\/?s={search_term_string}\"},\"query-input\":{\"@type\":\"PropertyValueSpecification\",\"valueRequired\":true,\"valueName\":\"search_term_string\"}}],\"inLanguage\":\"en-US\"},{\"@type\":\"Organization\",\"@id\":\"https:\/\/www.mcv2025.com\/#organization\",\"name\":\"MCV 2025\",\"url\":\"https:\/\/www.mcv2025.com\/\",\"logo\":{\"@type\":\"ImageObject\",\"inLanguage\":\"en-US\",\"@id\":\"https:\/\/www.mcv2025.com\/#\/schema\/logo\/image\/\",\"url\":\"https:\/\/www.mcv2025.com\/wp-content\/uploads\/2024\/12\/MCV-2024-logo.png\",\"contentUrl\":\"https:\/\/www.mcv2025.com\/wp-content\/uploads\/2024\/12\/MCV-2024-logo.png\",\"width\":2526,\"height\":1785,\"caption\":\"MCV 2025\"},\"image\":{\"@id\":\"https:\/\/www.mcv2025.com\/#\/schema\/logo\/image\/\"},\"sameAs\":[\"https:\/\/www.linkedin.com\/company\/mcv-conference\/\"]}]}<\/script>\n<!-- \/ Yoast SEO plugin. -->","yoast_head_json":{"title":"Comit\u00e9 scientifique - MCV 2025","robots":{"index":"index","follow":"follow","max-snippet":"max-snippet:-1","max-image-preview":"max-image-preview:large","max-video-preview":"max-video-preview:-1"},"canonical":"https:\/\/www.mcv2025.com\/en\/comite-scientifique\/","og_locale":"en_US","og_type":"article","og_title":"Comit\u00e9 scientifique - MCV 2025","og_url":"https:\/\/www.mcv2025.com\/en\/comite-scientifique\/","og_site_name":"MCV 2025","article_modified_time":"2025-06-06T14:09:01+00:00","og_image":[{"width":2526,"height":1785,"url":"https:\/\/www.mcv2025.com\/wp-content\/uploads\/2024\/12\/MCV-2024-logo.png","type":"image\/png"}],"twitter_card":"summary_large_image","schema":{"@context":"https:\/\/schema.org","@graph":[{"@type":"WebPage","@id":"https:\/\/www.mcv2025.com\/comite-scientifique\/","url":"https:\/\/www.mcv2025.com\/comite-scientifique\/","name":"Comit\u00e9 scientifique - MCV 2025","isPartOf":{"@id":"https:\/\/www.mcv2025.com\/#website"},"datePublished":"2024-04-24T12:53:25+00:00","dateModified":"2025-06-06T14:09:01+00:00","breadcrumb":{"@id":"https:\/\/www.mcv2025.com\/comite-scientifique\/#breadcrumb"},"inLanguage":"en-US","potentialAction":[{"@type":"ReadAction","target":["https:\/\/www.mcv2025.com\/comite-scientifique\/"]}]},{"@type":"BreadcrumbList","@id":"https:\/\/www.mcv2025.com\/comite-scientifique\/#breadcrumb","itemListElement":[{"@type":"ListItem","position":1,"name":"Accueil","item":"https:\/\/www.mcv2025.com\/"},{"@type":"ListItem","position":2,"name":"Comit\u00e9 scientifique"}]},{"@type":"WebSite","@id":"https:\/\/www.mcv2025.com\/#website","url":"https:\/\/www.mcv2025.com\/","name":"MCV 2025 Conference","description":"Conf\u00e9rence MCV 2025 - Management du Cycle de Vie","publisher":{"@id":"https:\/\/www.mcv2025.com\/#organization"},"alternateName":"MCV 2025","potentialAction":[{"@type":"SearchAction","target":{"@type":"EntryPoint","urlTemplate":"https:\/\/www.mcv2025.com\/?s={search_term_string}"},"query-input":{"@type":"PropertyValueSpecification","valueRequired":true,"valueName":"search_term_string"}}],"inLanguage":"en-US"},{"@type":"Organization","@id":"https:\/\/www.mcv2025.com\/#organization","name":"MCV 2025 Conference","url":"https:\/\/www.mcv2025.com\/","logo":{"@type":"ImageObject","inLanguage":"en-US","@id":"https:\/\/www.mcv2025.com\/#\/schema\/logo\/image\/","url":"https:\/\/www.mcv2025.com\/wp-content\/uploads\/2024\/12\/MCV-2024-logo.png","contentUrl":"https:\/\/www.mcv2025.com\/wp-content\/uploads\/2024\/12\/MCV-2024-logo.png","width":2526,"height":1785,"caption":"MCV 2025"},"image":{"@id":"https:\/\/www.mcv2025.com\/#\/schema\/logo\/image\/"},"sameAs":["https:\/\/www.linkedin.com\/company\/mcv-conference\/"]}]}},"uagb_featured_image_src":{"full":false,"thumbnail":false,"medium":false,"medium_large":false,"large":false,"1536x1536":false,"2048x2048":false,"trp-custom-language-flag":false,"neve-blog":false,"mailpoet_newsletter_max":false},"uagb_author_info":{"display_name":"Laura Devisme","author_link":"https:\/\/www.mcv2025.com\/en\/author\/l-devisme\/"},"uagb_comment_info":0,"uagb_excerpt":null,"_links":{"self":[{"href":"https:\/\/www.mcv2025.com\/en\/wp-json\/wp\/v2\/pages\/827","targetHints":{"allow":["GET"]}}],"collection":[{"href":"https:\/\/www.mcv2025.com\/en\/wp-json\/wp\/v2\/pages"}],"about":[{"href":"https:\/\/www.mcv2025.com\/en\/wp-json\/wp\/v2\/types\/page"}],"author":[{"embeddable":true,"href":"https:\/\/www.mcv2025.com\/en\/wp-json\/wp\/v2\/users\/2"}],"replies":[{"embeddable":true,"href":"https:\/\/www.mcv2025.com\/en\/wp-json\/wp\/v2\/comments?post=827"}],"version-history":[{"count":14,"href":"https:\/\/www.mcv2025.com\/en\/wp-json\/wp\/v2\/pages\/827\/revisions"}],"predecessor-version":[{"id":1731,"href":"https:\/\/www.mcv2025.com\/en\/wp-json\/wp\/v2\/pages\/827\/revisions\/1731"}],"wp:attachment":[{"href":"https:\/\/www.mcv2025.com\/en\/wp-json\/wp\/v2\/media?parent=827"}],"curies":[{"name":"wp","href":"https:\/\/api.w.org\/{rel}","templated":true}]}}